{"id":15594,"date":"2018-05-21T10:30:49","date_gmt":"2018-05-21T10:30:49","guid":{"rendered":"https:\/\/swedenbybike.com\/?page_id=15594"},"modified":"2024-03-11T10:42:50","modified_gmt":"2024-03-11T10:42:50","slug":"data-protection-and-privacy-policy","status":"publish","type":"page","link":"https:\/\/swedenbybike.com\/en\/villkor-och-integritet\/dataskydd-och-integritetspolicy\/","title":{"rendered":"Data Protection and Privacy Policy"},"content":{"rendered":"<h2 class=\"wp-block-heading\">Regarding data protection at Sweden by Bike<\/h2>\n\n\n\n<p>As a customer or supplier to Sweden by Bike, you should feel secure when you submit your personal information to us. To that end, we are constantly working on various security measures to protect the personal data for which we are responsible. <a href=\"https:\/\/swedenbybike.com\/villkor-och-integritet\/dataskydd-och-integritetspolicy\/policy-for-personuppgifter-vid-externa-kontakter\/\">Here<\/a> we have compiled information on how we do to process customers &#039;and suppliers&#039; personal data in a secure manner<em>.<\/em><\/p>\n\n\n\n<p>The information applies to our personal data policy for external contacts and the handling of so-called cookies. Contact us at&nbsp;<a href=\"mailto:info@swedenbybike.com\">info@swedenbybike.com<\/a>&nbsp;if you have questions about our policy or data protection.<\/p>\n\n\n\n<h2 class=\"wp-block-heading\">New rules on the handling of personal data<\/h2>\n\n\n\n<p>You may have heard of GDPR. It is a new legislation that applies to the handling of personal data. It goes under the Swedish designation Data Protection Regulation and becomes effective May 25, 2018.<\/p>\n\n\n\n<p>Sweden by Bike works with secure handling of personal data in a number of ways. When we process personal data we follow a policy, we have a personal data register and technical security solutions to protect the personal data.<\/p>","protected":false},"excerpt":{"rendered":"<p>Ang\u00e5ende dataskydd hos Sweden by Bike Som kund eller leverant\u00f6r till Sweden by Bike ska du k\u00e4nna dig trygg n\u00e4r du l\u00e4mnar dina personuppgifter till oss. I det syftet ser vi hela tiden till att arbeta med olika s\u00e4kerhets\u00e5tg\u00e4rder f\u00f6r att skydda de personuppgifter som vi \u00e4r ansvariga f\u00f6r. H\u00e4r har vi sammanst\u00e4llt information om [&hellip;]<\/p>\n","protected":false},"author":2,"featured_media":0,"parent":30104,"menu_order":0,"comment_status":"closed","ping_status":"closed","template":"","meta":{"_acf_changed":false,"_relevanssi_hide_post":"","_relevanssi_pin_for_all":"","_relevanssi_pin_keywords":"","_relevanssi_unpin_keywords":"","_relevanssi_related_keywords":"","_relevanssi_related_include_ids":"","_relevanssi_related_exclude_ids":"","_relevanssi_related_no_append":"","_relevanssi_related_not_related":"","_relevanssi_related_posts":"27299,25847,12887,14131,13512,13137","footnotes":""},"class_list":["post-15594","page","type-page","status-publish","hentry"],"acf":[],"_links":{"self":[{"href":"https:\/\/swedenbybike.com\/en\/wp-json\/wp\/v2\/pages\/15594","targetHints":{"allow":["GET"]}}],"collection":[{"href":"https:\/\/swedenbybike.com\/en\/wp-json\/wp\/v2\/pages"}],"about":[{"href":"https:\/\/swedenbybike.com\/en\/wp-json\/wp\/v2\/types\/page"}],"author":[{"embeddable":true,"href":"https:\/\/swedenbybike.com\/en\/wp-json\/wp\/v2\/users\/2"}],"replies":[{"embeddable":true,"href":"https:\/\/swedenbybike.com\/en\/wp-json\/wp\/v2\/comments?post=15594"}],"version-history":[{"count":0,"href":"https:\/\/swedenbybike.com\/en\/wp-json\/wp\/v2\/pages\/15594\/revisions"}],"up":[{"embeddable":true,"href":"https:\/\/swedenbybike.com\/en\/wp-json\/wp\/v2\/pages\/30104"}],"wp:attachment":[{"href":"https:\/\/swedenbybike.com\/en\/wp-json\/wp\/v2\/media?parent=15594"}],"curies":[{"name":"wp","href":"https:\/\/api.w.org\/{rel}","templated":true}]}}