{"id":10210,"date":"2016-12-08T17:04:14","date_gmt":"2016-12-08T17:04:14","guid":{"rendered":"https:\/\/swedenbybike.com\/?page_id=10210"},"modified":"2024-03-11T08:53:36","modified_gmt":"2024-03-11T08:53:36","slug":"group-booking","status":"publish","type":"page","link":"https:\/\/swedenbybike.com\/en\/cykelpaket-for-grupper\/","title":{"rendered":"Cycling packages for groups"},"content":{"rendered":"<p>Are you a group or a small company that wants to try cycling together? Maybe as a teambuilding activity, a challenging training weekend or just a fun cycling adventure for a few days.<\/p>\n\n\n\n<p><span style=\"font-weight: 400; color: rgb(255, 102, 0);\"><span style=\"color: #000000;\">Welcome everyone<\/span><\/span><span><b style=\"font-weight: 400;\"> <strong>business groups<\/strong>, <strong>school classes<\/strong>, <strong>training buddies<\/strong> and <strong>peppered gangs<\/strong><\/b><\/span><span style=\"font-weight: 400; color: rgb(255, 102, 0);\"><span style=\"color: #000000;\">!<\/span><\/span> We are happy to help you find a bicycle package or suitable guide that suits you.<\/p>\n\n\n\n<p><span style=\"font-weight: 400;\">Send an email to <a href=\"mailto:info@swedenbybike.com\">info@swedenbybike.com<\/a>\u00a0<span style=\"color: #000000;\">or call us at\u00a0<a href=\"tel:08-640 96 56\">08-640 96 56<\/a><\/span><\/span> <span style=\"font-weight: 400;\"><span style=\"color: #000000;\">s<\/span>we will do our best to help!<\/span> Indicate how many of you are, which area in Sweden you are interested in and any other wishes in the email.<\/p>","protected":false},"excerpt":{"rendered":"<p>\u00c4r ni en grupp eller ett mindre f\u00f6retag som vill prova p\u00e5 att cykla tillsammans? Kanske som teambuilding-aktivitet, utvecklande tr\u00e4ningshelg eller bara komma iv\u00e4g p\u00e5 ett roligt cykel\u00e4ventyr i n\u00e5gra dagar. V\u00e4lkomna alla f\u00f6retagsgrupper, skolklasser, tr\u00e4ningskompisar och peppade g\u00e4ng! Vi hj\u00e4lper er g\u00e4rna att hitta ett cykelpaket eller l\u00e4mplig guide som passar just er. Skicka [&hellip;]<\/p>\n","protected":false},"author":2,"featured_media":33935,"parent":0,"menu_order":0,"comment_status":"closed","ping_status":"closed","template":"","meta":{"_acf_changed":false,"_relevanssi_hide_post":"","_relevanssi_pin_for_all":"","_relevanssi_pin_keywords":"","_relevanssi_unpin_keywords":"","_relevanssi_related_keywords":"","_relevanssi_related_include_ids":"","_relevanssi_related_exclude_ids":"","_relevanssi_related_no_append":"","_relevanssi_related_not_related":"","_relevanssi_related_posts":"28055,23924,12872,28449,13117,18239","footnotes":""},"class_list":["post-10210","page","type-page","status-publish","has-post-thumbnail","hentry"],"acf":[],"_links":{"self":[{"href":"https:\/\/swedenbybike.com\/en\/wp-json\/wp\/v2\/pages\/10210","targetHints":{"allow":["GET"]}}],"collection":[{"href":"https:\/\/swedenbybike.com\/en\/wp-json\/wp\/v2\/pages"}],"about":[{"href":"https:\/\/swedenbybike.com\/en\/wp-json\/wp\/v2\/types\/page"}],"author":[{"embeddable":true,"href":"https:\/\/swedenbybike.com\/en\/wp-json\/wp\/v2\/users\/2"}],"replies":[{"embeddable":true,"href":"https:\/\/swedenbybike.com\/en\/wp-json\/wp\/v2\/comments?post=10210"}],"version-history":[{"count":0,"href":"https:\/\/swedenbybike.com\/en\/wp-json\/wp\/v2\/pages\/10210\/revisions"}],"wp:featuredmedia":[{"embeddable":true,"href":"https:\/\/swedenbybike.com\/en\/wp-json\/wp\/v2\/media\/33935"}],"wp:attachment":[{"href":"https:\/\/swedenbybike.com\/en\/wp-json\/wp\/v2\/media?parent=10210"}],"curies":[{"name":"wp","href":"https:\/\/api.w.org\/{rel}","templated":true}]}}